{"id":1789,"date":"2025-01-07T05:50:05","date_gmt":"2025-01-07T05:50:05","guid":{"rendered":"https:\/\/wordpress.zozothemes.com\/wastbin\/?page_id=1789"},"modified":"2025-01-07T05:50:05","modified_gmt":"2025-01-07T05:50:05","slug":"blog-grid-overlay","status":"publish","type":"page","link":"https:\/\/restart.app.br\/?page_id=1789","title":{"rendered":"Blog Grid Overlay"},"content":{"rendered":"\t\t<div data-elementor-type=\"wp-page\" data-elementor-id=\"1789\" class=\"elementor elementor-1789\">\n\t\t\t\t<div class=\"elementor-element elementor-element-b21f8e4 e-flex e-con-boxed text-reveal-no e-con e-parent\" data-id=\"b21f8e4\" data-element_type=\"container\">\n\t\t\t\t\t<div class=\"e-con-inner\">\n\t\t<div class=\"elementor-element elementor-element-48034d5 e-flex e-con-boxed text-reveal-no e-con e-child\" data-id=\"48034d5\" data-element_type=\"container\">\n\t\t\t\t\t<div class=\"e-con-inner\">\n\t\t\t\t<div class=\"elementor-element elementor-element-049b53f elementor-widget elementor-widget-ceaposts\" data-id=\"049b53f\" data-element_type=\"widget\" data-widget_type=\"ceaposts.default\">\n\t\t\t\t\n\t\t<div class=\"elementor-widget-container blog-wrapper blog-style-modern blog-light blog-normal-model\">\n\t\t\n\t\t\t<div class=\"row\"><div class=\"col-lg-4 col-md-4\"><div class=\"blog-inner\"><div class=\"post-thumb post-overlay-active\"><a href=\"https:\/\/restart.app.br\/?p=14333\" class=\"post-image-link\"><img decoding=\"async\" src=\"https:\/\/restart.app.br\/wp-content\/uploads\/elementor\/thumbs\/blog-image05-r4idwduerhl58ax9komu6s3r267t04j1vk098tloq8.webp\" title=\"blog-image05\" alt=\"\" class=\"img-fluid rounded\" \/><\/a><div class=\"post-overlay-items\"><div class=\"top-meta clearfix\"><ul class=\"nav top-meta-list meta-left\"><li><div class=\"post-date\"><a href=\"https:\/\/restart.app.br\/?m=20250317\" ><i class=\"icon icon-calendar\"><\/i> mar\u00e7o 17, 2025<\/a><\/div><\/li><\/ul><\/div><div class=\"entry-title\"><h4 class=\"post-title-head\"><a href=\"https:\/\/restart.app.br\/?p=14333\" class=\"post-title\">O Futuro da gest\u00e3o de res\u00edduos: Tend\u00eancias e inova\u00e7\u00f5es<\/a><\/h4><\/div><!-- .entry-title --><div class=\"bottom-meta clearfix\"><ul class=\"nav bottom-meta-list meta-left\"><li><div class=\"post-more\"><a href=\"https:\/\/restart.app.br\/?p=14333\" class=\"read-more elementor-button\">Read More<\/a><\/div><\/li><\/ul><\/div><\/div><\/div><!-- .post-thumb --><\/div><!-- .blog-inner --><\/div><!-- .col \/ .owl-carousel-item \/ .isotope --><div class=\"col-lg-4 col-md-4\"><div class=\"blog-inner\"><div class=\"post-thumb post-overlay-active\"><a href=\"https:\/\/restart.app.br\/?p=14331\" class=\"post-image-link\"><img decoding=\"async\" src=\"https:\/\/restart.app.br\/wp-content\/uploads\/elementor\/thumbs\/blog-image01-r4idvln92gijk0285cg13z7x8m2sl7f3rofouirhww.webp\" title=\"blog-image01\" alt=\"\" class=\"img-fluid rounded img-fluid rounded\" \/><\/a><div class=\"post-overlay-items\"><div class=\"top-meta clearfix\"><ul class=\"nav top-meta-list meta-left\"><li><div class=\"post-date\"><a href=\"https:\/\/restart.app.br\/?m=20250317\" ><i class=\"icon icon-calendar\"><\/i> mar\u00e7o 17, 2025<\/a><\/div><\/li><\/ul><\/div><div class=\"entry-title\"><h4 class=\"post-title-head\"><a href=\"https:\/\/restart.app.br\/?p=14331\" class=\"post-title\">Solu\u00e7\u00f5es para o desperd\u00edcio de alimentos: como economizar dinheiro e proteger o planeta<\/a><\/h4><\/div><!-- .entry-title --><div class=\"bottom-meta clearfix\"><ul class=\"nav bottom-meta-list meta-left\"><li><div class=\"post-more\"><a href=\"https:\/\/restart.app.br\/?p=14331\" class=\"read-more elementor-button\">Read More<\/a><\/div><\/li><\/ul><\/div><\/div><\/div><!-- .post-thumb --><\/div><!-- .blog-inner --><\/div><!-- .col \/ .owl-carousel-item \/ .isotope --><div class=\"col-lg-4 col-md-4\"><div class=\"blog-inner\"><div class=\"post-thumb post-overlay-active\"><a href=\"https:\/\/restart.app.br\/?p=1741\" class=\"post-image-link\"><img decoding=\"async\" src=\"https:\/\/restart.app.br\/wp-content\/uploads\/elementor\/thumbs\/blog-image3-r4idvjrkosfyws4ygbmryzp01uc25t7n3f4pvyua9c.webp\" title=\"blog-image3\" alt=\"\" class=\"img-fluid rounded img-fluid rounded img-fluid rounded\" \/><\/a><div class=\"post-overlay-items\"><div class=\"top-meta clearfix\"><ul class=\"nav top-meta-list meta-left\"><li><div class=\"post-date\"><a href=\"https:\/\/restart.app.br\/?m=20250107\" ><i class=\"icon icon-calendar\"><\/i> janeiro 7, 2025<\/a><\/div><\/li><\/ul><\/div><div class=\"entry-title\"><h4 class=\"post-title-head\"><a href=\"https:\/\/restart.app.br\/?p=1741\" class=\"post-title\">Descarte \u00e0 energia: uma guia para a promo\u00e7\u00e3o de um descarte sustent\u00e1vel<\/a><\/h4><\/div><!-- .entry-title --><div class=\"bottom-meta clearfix\"><ul class=\"nav bottom-meta-list meta-left\"><li><div class=\"post-more\"><a href=\"https:\/\/restart.app.br\/?p=1741\" class=\"read-more elementor-button\">Read More<\/a><\/div><\/li><\/ul><\/div><\/div><\/div><!-- .post-thumb --><\/div><!-- .blog-inner --><\/div><!-- .col \/ .owl-carousel-item \/ .isotope --><\/div><!-- .row --><div class=\"row\"><div class=\"col-lg-4 col-md-4\"><div class=\"blog-inner\"><div class=\"post-thumb post-overlay-active\"><a href=\"https:\/\/restart.app.br\/?p=1738\" class=\"post-image-link\"><img decoding=\"async\" src=\"https:\/\/restart.app.br\/wp-content\/uploads\/elementor\/thumbs\/blog-image7-r4idvkpevmh98e3lau1ejhggn87fdibdfjs7d8sw34.webp\" title=\"blog-image7\" alt=\"\" class=\"img-fluid rounded img-fluid rounded img-fluid rounded img-fluid rounded\" \/><\/a><div class=\"post-overlay-items\"><div class=\"top-meta clearfix\"><ul class=\"nav top-meta-list meta-left\"><li><div class=\"post-date\"><a href=\"https:\/\/restart.app.br\/?m=20250107\" ><i class=\"icon icon-calendar\"><\/i> janeiro 7, 2025<\/a><\/div><\/li><\/ul><\/div><div class=\"entry-title\"><h4 class=\"post-title-head\"><a href=\"https:\/\/restart.app.br\/?p=1738\" class=\"post-title\">Lan\u00e7amento da Wastix, primeira empresa de reciclagem de pl\u00e1stico residencial<\/a><\/h4><\/div><!-- .entry-title --><div class=\"bottom-meta clearfix\"><ul class=\"nav bottom-meta-list meta-left\"><li><div class=\"post-more\"><a href=\"https:\/\/restart.app.br\/?p=1738\" class=\"read-more elementor-button\">Read More<\/a><\/div><\/li><\/ul><\/div><\/div><\/div><!-- .post-thumb --><\/div><!-- .blog-inner --><\/div><!-- .col \/ .owl-carousel-item \/ .isotope --><div class=\"col-lg-4 col-md-4\"><div class=\"blog-inner\"><div class=\"post-thumb post-overlay-active\"><a href=\"https:\/\/restart.app.br\/?p=1735\" class=\"post-image-link\"><img decoding=\"async\" src=\"https:\/\/restart.app.br\/wp-content\/uploads\/elementor\/thumbs\/blog-image6-r4idvkpevmh98e3lau1ejhggn87fdibdfjs7d8sw34.webp\" title=\"blog-image6\" alt=\"\" class=\"img-fluid rounded img-fluid rounded img-fluid rounded img-fluid rounded img-fluid rounded\" \/><\/a><div class=\"post-overlay-items\"><div class=\"top-meta clearfix\"><ul class=\"nav top-meta-list meta-left\"><li><div class=\"post-date\"><a href=\"https:\/\/restart.app.br\/?m=20250107\" ><i class=\"icon icon-calendar\"><\/i> janeiro 7, 2025<\/a><\/div><\/li><\/ul><\/div><div class=\"entry-title\"><h4 class=\"post-title-head\"><a href=\"https:\/\/restart.app.br\/?p=1735\" class=\"post-title\">O impacto ambiental do dep\u00f3sito impr\u00f3prio de lixo<\/a><\/h4><\/div><!-- .entry-title --><div class=\"bottom-meta clearfix\"><ul class=\"nav bottom-meta-list meta-left\"><li><div class=\"post-more\"><a href=\"https:\/\/restart.app.br\/?p=1735\" class=\"read-more elementor-button\">Read More<\/a><\/div><\/li><\/ul><\/div><\/div><\/div><!-- .post-thumb --><\/div><!-- .blog-inner --><\/div><!-- .col \/ .owl-carousel-item \/ .isotope --><div class=\"col-lg-4 col-md-4\"><div class=\"blog-inner\"><div class=\"post-thumb post-overlay-active\"><a href=\"https:\/\/restart.app.br\/?p=1732\" class=\"post-image-link\"><img decoding=\"async\" src=\"https:\/\/restart.app.br\/wp-content\/uploads\/elementor\/thumbs\/blog-image8-r4idvln92gijk0285cg13z7x8m2sl7f3rofouirhww.webp\" title=\"blog-image8\" alt=\"\" class=\"img-fluid rounded img-fluid rounded img-fluid rounded img-fluid rounded img-fluid rounded img-fluid rounded\" \/><\/a><div class=\"post-overlay-items\"><div class=\"top-meta clearfix\"><ul class=\"nav top-meta-list meta-left\"><li><div class=\"post-date\"><a href=\"https:\/\/restart.app.br\/?m=20250107\" ><i class=\"icon icon-calendar\"><\/i> janeiro 7, 2025<\/a><\/div><\/li><\/ul><\/div><div class=\"entry-title\"><h4 class=\"post-title-head\"><a href=\"https:\/\/restart.app.br\/?p=1732\" class=\"post-title\">Embalagens sustent\u00e1veis: como as marcas podem reduzir o desperd\u00edcio<\/a><\/h4><\/div><!-- .entry-title --><div class=\"bottom-meta clearfix\"><ul class=\"nav bottom-meta-list meta-left\"><li><div class=\"post-more\"><a href=\"https:\/\/restart.app.br\/?p=1732\" class=\"read-more elementor-button\">Read More<\/a><\/div><\/li><\/ul><\/div><\/div><\/div><!-- .post-thumb --><\/div><!-- .blog-inner --><\/div><!-- .col \/ .owl-carousel-item \/ .isotope --><\/div><!-- .row -->\t\t\t\n\t\t<\/div>\n\t\t\t\t<\/div>\n\t\t\t\t\t<\/div>\n\t\t\t\t<\/div>\n\t\t\t\t\t<\/div>\n\t\t\t\t<\/div>\n\t\t<div class=\"elementor-element elementor-element-d2ec0c9 e-flex e-con-boxed text-reveal-no e-con e-parent\" data-id=\"d2ec0c9\" data-element_type=\"container\">\n\t\t\t\t\t<div class=\"e-con-inner\">\n\t\t<div class=\"elementor-element elementor-element-be75d5e e-flex e-con-boxed text-reveal-no e-con e-child\" data-id=\"be75d5e\" data-element_type=\"container\">\n\t\t\t\t\t<div class=\"e-con-inner\">\n\t\t\t\t<div class=\"elementor-element elementor-element-f69abd3 elementor-widget elementor-widget-ceaposts\" data-id=\"f69abd3\" data-element_type=\"widget\" data-widget_type=\"ceaposts.default\">\n\t\t\t\t\n\t\t<div class=\"elementor-widget-container blog-wrapper blog-style-default blog-light blog-normal-model\">\n\t\t\n\t\t\t<div class=\"row\"><div class=\"col-lg-4 col-md-4\"><div class=\"blog-inner\"><div class=\"post-thumb post-overlay-active\"><a href=\"https:\/\/restart.app.br\/?p=14333\" class=\"post-image-link\"><img decoding=\"async\" src=\"https:\/\/restart.app.br\/wp-content\/uploads\/elementor\/thumbs\/blog-image05-r4idwduerhl58ax9komu6s3r267t04j1vk098tloq8.webp\" title=\"blog-image05\" alt=\"\" class=\"img-fluid rounded\" \/><\/a><div class=\"post-overlay-items\"><div class=\"top-meta clearfix\"><ul class=\"nav top-meta-list meta-left\"><li><div class=\"post-date\"><a href=\"https:\/\/restart.app.br\/?m=20250317\" ><i class=\"icon icon-calendar\"><\/i> mar\u00e7o 17, 2025<\/a><\/div><\/li><\/ul><\/div><div class=\"entry-title\"><h4 class=\"post-title-head\"><a href=\"https:\/\/restart.app.br\/?p=14333\" class=\"post-title\">O Futuro da gest\u00e3o de res\u00edduos: Tend\u00eancias e inova\u00e7\u00f5es<\/a><\/h4><\/div><!-- .entry-title --><div class=\"bottom-meta clearfix\"><ul class=\"nav bottom-meta-list meta-left\"><li><div class=\"post-more\"><a href=\"https:\/\/restart.app.br\/?p=14333\" class=\"read-more elementor-button\">Read More<\/a><\/div><\/li><\/ul><\/div><\/div><\/div><!-- .post-thumb --><\/div><!-- .blog-inner --><\/div><!-- .col \/ .owl-carousel-item \/ .isotope --><div class=\"col-lg-4 col-md-4\"><div class=\"blog-inner\"><div class=\"post-thumb post-overlay-active\"><a href=\"https:\/\/restart.app.br\/?p=14331\" class=\"post-image-link\"><img decoding=\"async\" src=\"https:\/\/restart.app.br\/wp-content\/uploads\/elementor\/thumbs\/blog-image01-r4idvln92gijk0285cg13z7x8m2sl7f3rofouirhww.webp\" title=\"blog-image01\" alt=\"\" class=\"img-fluid rounded img-fluid rounded\" \/><\/a><div class=\"post-overlay-items\"><div class=\"top-meta clearfix\"><ul class=\"nav top-meta-list meta-left\"><li><div class=\"post-date\"><a href=\"https:\/\/restart.app.br\/?m=20250317\" ><i class=\"icon icon-calendar\"><\/i> mar\u00e7o 17, 2025<\/a><\/div><\/li><\/ul><\/div><div class=\"entry-title\"><h4 class=\"post-title-head\"><a href=\"https:\/\/restart.app.br\/?p=14331\" class=\"post-title\">Solu\u00e7\u00f5es para o desperd\u00edcio de alimentos: como economizar dinheiro e proteger o planeta<\/a><\/h4><\/div><!-- .entry-title --><div class=\"bottom-meta clearfix\"><ul class=\"nav bottom-meta-list meta-left\"><li><div class=\"post-more\"><a href=\"https:\/\/restart.app.br\/?p=14331\" class=\"read-more elementor-button\">Read More<\/a><\/div><\/li><\/ul><\/div><\/div><\/div><!-- .post-thumb --><\/div><!-- .blog-inner --><\/div><!-- .col \/ .owl-carousel-item \/ .isotope --><div class=\"col-lg-4 col-md-4\"><div class=\"blog-inner\"><div class=\"post-thumb post-overlay-active\"><a href=\"https:\/\/restart.app.br\/?p=1741\" class=\"post-image-link\"><img decoding=\"async\" src=\"https:\/\/restart.app.br\/wp-content\/uploads\/elementor\/thumbs\/blog-image3-r4idvjrkosfyws4ygbmryzp01uc25t7n3f4pvyua9c.webp\" title=\"blog-image3\" alt=\"\" class=\"img-fluid rounded img-fluid rounded img-fluid rounded\" \/><\/a><div class=\"post-overlay-items\"><div class=\"top-meta clearfix\"><ul class=\"nav top-meta-list meta-left\"><li><div class=\"post-date\"><a href=\"https:\/\/restart.app.br\/?m=20250107\" ><i class=\"icon icon-calendar\"><\/i> janeiro 7, 2025<\/a><\/div><\/li><\/ul><\/div><div class=\"entry-title\"><h4 class=\"post-title-head\"><a href=\"https:\/\/restart.app.br\/?p=1741\" class=\"post-title\">Descarte \u00e0 energia: uma guia para a promo\u00e7\u00e3o de um descarte sustent\u00e1vel<\/a><\/h4><\/div><!-- .entry-title --><div class=\"bottom-meta clearfix\"><ul class=\"nav bottom-meta-list meta-left\"><li><div class=\"post-more\"><a href=\"https:\/\/restart.app.br\/?p=1741\" class=\"read-more elementor-button\">Read More<\/a><\/div><\/li><\/ul><\/div><\/div><\/div><!-- .post-thumb --><\/div><!-- .blog-inner --><\/div><!-- .col \/ .owl-carousel-item \/ .isotope --><\/div><!-- .row --><div class=\"row\"><div class=\"col-lg-4 col-md-4\"><div class=\"blog-inner\"><div class=\"post-thumb post-overlay-active\"><a href=\"https:\/\/restart.app.br\/?p=1738\" class=\"post-image-link\"><img decoding=\"async\" src=\"https:\/\/restart.app.br\/wp-content\/uploads\/elementor\/thumbs\/blog-image7-r4idvkpevmh98e3lau1ejhggn87fdibdfjs7d8sw34.webp\" title=\"blog-image7\" alt=\"\" class=\"img-fluid rounded img-fluid rounded img-fluid rounded img-fluid rounded\" \/><\/a><div class=\"post-overlay-items\"><div class=\"top-meta clearfix\"><ul class=\"nav top-meta-list meta-left\"><li><div class=\"post-date\"><a href=\"https:\/\/restart.app.br\/?m=20250107\" ><i class=\"icon icon-calendar\"><\/i> janeiro 7, 2025<\/a><\/div><\/li><\/ul><\/div><div class=\"entry-title\"><h4 class=\"post-title-head\"><a href=\"https:\/\/restart.app.br\/?p=1738\" class=\"post-title\">Lan\u00e7amento da Wastix, primeira empresa de reciclagem de pl\u00e1stico residencial<\/a><\/h4><\/div><!-- .entry-title --><div class=\"bottom-meta clearfix\"><ul class=\"nav bottom-meta-list meta-left\"><li><div class=\"post-more\"><a href=\"https:\/\/restart.app.br\/?p=1738\" class=\"read-more elementor-button\">Read More<\/a><\/div><\/li><\/ul><\/div><\/div><\/div><!-- .post-thumb --><\/div><!-- .blog-inner --><\/div><!-- .col \/ .owl-carousel-item \/ .isotope --><div class=\"col-lg-4 col-md-4\"><div class=\"blog-inner\"><div class=\"post-thumb post-overlay-active\"><a href=\"https:\/\/restart.app.br\/?p=1735\" class=\"post-image-link\"><img decoding=\"async\" src=\"https:\/\/restart.app.br\/wp-content\/uploads\/elementor\/thumbs\/blog-image6-r4idvkpevmh98e3lau1ejhggn87fdibdfjs7d8sw34.webp\" title=\"blog-image6\" alt=\"\" class=\"img-fluid rounded img-fluid rounded img-fluid rounded img-fluid rounded img-fluid rounded\" \/><\/a><div class=\"post-overlay-items\"><div class=\"top-meta clearfix\"><ul class=\"nav top-meta-list meta-left\"><li><div class=\"post-date\"><a href=\"https:\/\/restart.app.br\/?m=20250107\" ><i class=\"icon icon-calendar\"><\/i> janeiro 7, 2025<\/a><\/div><\/li><\/ul><\/div><div class=\"entry-title\"><h4 class=\"post-title-head\"><a href=\"https:\/\/restart.app.br\/?p=1735\" class=\"post-title\">O impacto ambiental do dep\u00f3sito impr\u00f3prio de lixo<\/a><\/h4><\/div><!-- .entry-title --><div class=\"bottom-meta clearfix\"><ul class=\"nav bottom-meta-list meta-left\"><li><div class=\"post-more\"><a href=\"https:\/\/restart.app.br\/?p=1735\" class=\"read-more elementor-button\">Read More<\/a><\/div><\/li><\/ul><\/div><\/div><\/div><!-- .post-thumb --><\/div><!-- .blog-inner --><\/div><!-- .col \/ .owl-carousel-item \/ .isotope --><div class=\"col-lg-4 col-md-4\"><div class=\"blog-inner\"><div class=\"post-thumb post-overlay-active\"><a href=\"https:\/\/restart.app.br\/?p=1732\" class=\"post-image-link\"><img decoding=\"async\" src=\"https:\/\/restart.app.br\/wp-content\/uploads\/elementor\/thumbs\/blog-image8-r4idvln92gijk0285cg13z7x8m2sl7f3rofouirhww.webp\" title=\"blog-image8\" alt=\"\" class=\"img-fluid rounded img-fluid rounded img-fluid rounded img-fluid rounded img-fluid rounded img-fluid rounded\" \/><\/a><div class=\"post-overlay-items\"><div class=\"top-meta clearfix\"><ul class=\"nav top-meta-list meta-left\"><li><div class=\"post-date\"><a href=\"https:\/\/restart.app.br\/?m=20250107\" ><i class=\"icon icon-calendar\"><\/i> janeiro 7, 2025<\/a><\/div><\/li><\/ul><\/div><div class=\"entry-title\"><h4 class=\"post-title-head\"><a href=\"https:\/\/restart.app.br\/?p=1732\" class=\"post-title\">Embalagens sustent\u00e1veis: como as marcas podem reduzir o desperd\u00edcio<\/a><\/h4><\/div><!-- .entry-title --><div class=\"bottom-meta clearfix\"><ul class=\"nav bottom-meta-list meta-left\"><li><div class=\"post-more\"><a href=\"https:\/\/restart.app.br\/?p=1732\" class=\"read-more elementor-button\">Read More<\/a><\/div><\/li><\/ul><\/div><\/div><\/div><!-- .post-thumb --><\/div><!-- .blog-inner --><\/div><!-- .col \/ .owl-carousel-item \/ .isotope --><\/div><!-- .row -->\t\t\t\n\t\t<\/div>\n\t\t\t\t<\/div>\n\t\t\t\t\t<\/div>\n\t\t\t\t<\/div>\n\t\t\t\t\t<\/div>\n\t\t\t\t<\/div>\n\t\t\t\t<\/div>\n\t\t","protected":false},"excerpt":{"rendered":"","protected":false},"author":1,"featured_media":0,"parent":0,"menu_order":0,"comment_status":"closed","ping_status":"closed","template":"","meta":{"footnotes":""},"class_list":["post-1789","page","type-page","status-publish","hentry"],"_links":{"self":[{"href":"https:\/\/restart.app.br\/index.php?rest_route=\/wp\/v2\/pages\/1789","targetHints":{"allow":["GET"]}}],"collection":[{"href":"https:\/\/restart.app.br\/index.php?rest_route=\/wp\/v2\/pages"}],"about":[{"href":"https:\/\/restart.app.br\/index.php?rest_route=\/wp\/v2\/types\/page"}],"author":[{"embeddable":true,"href":"https:\/\/restart.app.br\/index.php?rest_route=\/wp\/v2\/users\/1"}],"replies":[{"embeddable":true,"href":"https:\/\/restart.app.br\/index.php?rest_route=%2Fwp%2Fv2%2Fcomments&post=1789"}],"version-history":[{"count":0,"href":"https:\/\/restart.app.br\/index.php?rest_route=\/wp\/v2\/pages\/1789\/revisions"}],"wp:attachment":[{"href":"https:\/\/restart.app.br\/index.php?rest_route=%2Fwp%2Fv2%2Fmedia&parent=1789"}],"curies":[{"name":"wp","href":"https:\/\/api.w.org\/{rel}","templated":true}]}}