{"id":121,"date":"2024-12-24T04:58:14","date_gmt":"2024-12-24T04:58:14","guid":{"rendered":"https:\/\/wordpress.zozothemes.com\/wastbin\/?page_id=121"},"modified":"2024-12-24T04:58:14","modified_gmt":"2024-12-24T04:58:14","slug":"testimonials","status":"publish","type":"page","link":"https:\/\/restart.app.br\/?page_id=121","title":{"rendered":"Testimonials"},"content":{"rendered":"\t\t<div data-elementor-type=\"wp-page\" data-elementor-id=\"121\" class=\"elementor elementor-121\">\n\t\t\t\t<div class=\"elementor-element elementor-element-60a38d7 cus-testimonial-page e-flex e-con-boxed text-reveal-no e-con e-parent\" data-id=\"60a38d7\" data-element_type=\"container\">\n\t\t\t\t\t<div class=\"e-con-inner\">\n\t\t\t\t<div class=\"elementor-element elementor-element-3e03ff7 elementor-invisible elementor-widget elementor-widget-ceatestimonial\" data-id=\"3e03ff7\" data-element_type=\"widget\" data-settings=\"{&quot;_animation&quot;:&quot;fadeInUp&quot;}\" data-widget_type=\"ceatestimonial.default\">\n\t\t\t\t\n\t\t<div class=\"elementor-widget-container testimonial-wrapper testimonial-style-default testimonial-light testimonial-normal-model image-gallery\">\n\t\t\n\t\t\t<div class=\"row\"><div class=\"col-lg-6 col-md-6\" ><div class=\"testimonial-inner\"><div class=\"top-meta clearfix\"><ul class=\"nav top-meta-list meta-left\"><li><div class=\"testimonial-rating\"><p><i class=\"fa fa-star\"><\/i><i class=\"fa fa-star\"><\/i><i class=\"fa fa-star\"><\/i><i class=\"fa fa-star\"><\/i><i class=\"fa fa-star-o\"><\/i><\/p><\/div><!-- .testimonial-rating --><\/li><\/ul><ul class=\"nav top-meta-list meta-right\"><li><\/li><\/ul><\/div><div class=\"post-excerpt\">davipinheiro1266@gmail.com 84\u00a0992079607<\/div><!-- .post-excerpt --><div class=\"post-thumb\"><a href=\"https:\/\/restart.app.br\/?cea-testimonial=92058\" class=\"post-image-link\"><img decoding=\"async\" src=\"https:\/\/restart.app.br\/wp-content\/uploads\/elementor\/thumbs\/Captura-de-tela-2025-04-19-122406-r4w9opes6nw2kqgljian6h7ry4vgl6ek94miu6rnk4.png\" title=\"Captura de tela 2025-04-19 122406\" alt=\"\" class=\"img-fluid rounded-circle\" \/><\/a><\/div><!-- .post-thumb --><h4 class=\"post-title-head\"><a href=\"https:\/\/restart.app.br\/?cea-testimonial=92058\" class=\"client-name post-title\">Davi Pinheiro<\/a><\/h4><div class=\"bottom-meta clearfix\"><ul class=\"nav bottom-meta-list meta-left\"><li><div class=\"testimonial-designation\"><div class=\"post-designation-head\">Progresso e desenvolvimento sustent\u00e1vel caminham juntos.<\/div><\/div><!-- .testimonial-designation --><\/li><\/ul><\/div><\/div><!-- .testimonial-inner --><\/div><!-- .col \/ .owl-carousel-item \/ .isotope --><div class=\"col-lg-6 col-md-6\" ><div class=\"testimonial-inner\"><div class=\"top-meta clearfix\"><ul class=\"nav top-meta-list meta-left\"><li><div class=\"testimonial-rating\"><p><i class=\"fa fa-star\"><\/i><i class=\"fa fa-star\"><\/i><i class=\"fa fa-star\"><\/i><i class=\"fa fa-star\"><\/i><i class=\"fa fa-star-o\"><\/i><\/p><\/div><!-- .testimonial-rating --><\/li><\/ul><ul class=\"nav top-meta-list meta-right\"><li><\/li><\/ul><\/div><div class=\"post-excerpt\">lauro.vieira@gmail.com \/ 55 81\u00a0992397670<\/div><!-- .post-excerpt --><div class=\"post-thumb\"><a href=\"https:\/\/restart.app.br\/?cea-testimonial=cody-fisher\" class=\"post-image-link\"><img decoding=\"async\" src=\"https:\/\/restart.app.br\/wp-content\/uploads\/elementor\/thumbs\/alvaro2-r4vlungne7a27etyz3y1ji6q4k4300zly5kslx0hl0.png\" title=\"alvaro2\" alt=\"\" class=\"img-fluid rounded-circle img-fluid rounded-circle\" \/><\/a><\/div><!-- .post-thumb --><h4 class=\"post-title-head\"><a href=\"https:\/\/restart.app.br\/?cea-testimonial=cody-fisher\" class=\"client-name post-title\">Lauro Vieira<\/a><\/h4><div class=\"bottom-meta clearfix\"><ul class=\"nav bottom-meta-list meta-left\"><li><div class=\"testimonial-designation\"><div class=\"post-designation-head\">A reciclagem permite a gera\u00e7\u00e3o de novos neg\u00f3cios!!!<\/div><\/div><!-- .testimonial-designation --><\/li><\/ul><\/div><\/div><!-- .testimonial-inner --><\/div><!-- .col \/ .owl-carousel-item \/ .isotope --><\/div><!-- .row --><div class=\"row\"><div class=\"col-lg-6 col-md-6\" ><div class=\"testimonial-inner\"><div class=\"top-meta clearfix\"><ul class=\"nav top-meta-list meta-left\"><li><div class=\"testimonial-rating\"><p><i class=\"fa fa-star\"><\/i><i class=\"fa fa-star\"><\/i><i class=\"fa fa-star\"><\/i><i class=\"fa fa-star\"><\/i><i class=\"fa fa-star-o\"><\/i><\/p><\/div><!-- .testimonial-rating --><\/li><\/ul><ul class=\"nav top-meta-list meta-right\"><li><\/li><\/ul><\/div><div class=\"post-excerpt\">rormourayt@gmail.com<\/div><!-- .post-excerpt --><div class=\"post-thumb\"><a href=\"https:\/\/restart.app.br\/?cea-testimonial=darrell-steward\" class=\"post-image-link\"><img decoding=\"async\" src=\"https:\/\/restart.app.br\/wp-content\/uploads\/elementor\/thumbs\/rodrigo-r4vlyr1b76w2u6vm1dqgwyy3e1wpki9gug00ycxog4.jpg\" title=\"rodrigo\" alt=\"\" class=\"img-fluid rounded-circle img-fluid rounded-circle img-fluid rounded-circle\" \/><\/a><\/div><!-- .post-thumb --><h4 class=\"post-title-head\"><a href=\"https:\/\/restart.app.br\/?cea-testimonial=darrell-steward\" class=\"client-name post-title\">Rodrigo Moura<\/a><\/h4><div class=\"bottom-meta clearfix\"><ul class=\"nav bottom-meta-list meta-left\"><li><div class=\"testimonial-designation\"><div class=\"post-designation-head\">Devemos cuidar do local que Deus nos deu para morar. Devemos ser conscientes disso.<\/div><\/div><!-- .testimonial-designation --><\/li><\/ul><\/div><\/div><!-- .testimonial-inner --><\/div><!-- .col \/ .owl-carousel-item \/ .isotope --><div class=\"col-lg-6 col-md-6\" ><div class=\"testimonial-inner\"><div class=\"top-meta clearfix\"><ul class=\"nav top-meta-list meta-left\"><li><div class=\"testimonial-rating\"><p><i class=\"fa fa-star\"><\/i><i class=\"fa fa-star\"><\/i><i class=\"fa fa-star\"><\/i><i class=\"fa fa-star\"><\/i><i class=\"fa fa-star-o\"><\/i><\/p><\/div><!-- .testimonial-rating --><\/li><\/ul><ul class=\"nav top-meta-list meta-right\"><li><\/li><\/ul><\/div><div class=\"post-excerpt\">alvaro.leal.dl94@gmail.com \/ 55 81\u00a0993727854<\/div><!-- .post-excerpt --><div class=\"post-thumb\"><a href=\"https:\/\/restart.app.br\/?cea-testimonial=savanah-nguyen\" class=\"post-image-link\"><img decoding=\"async\" src=\"https:\/\/restart.app.br\/wp-content\/uploads\/elementor\/thumbs\/Alvinho-r4vlar7mqg1kgjqd5icbrixhgy6e2o057ogsx2ihac.jpg\" title=\"Alvinho\" alt=\"\" class=\"img-fluid rounded-circle img-fluid rounded-circle img-fluid rounded-circle img-fluid rounded-circle\" \/><\/a><\/div><!-- .post-thumb --><h4 class=\"post-title-head\"><a href=\"https:\/\/restart.app.br\/?cea-testimonial=savanah-nguyen\" class=\"client-name post-title\">\u00c1lvaro Leal<\/a><\/h4><div class=\"bottom-meta clearfix\"><ul class=\"nav bottom-meta-list meta-left\"><li><div class=\"testimonial-designation\"><div class=\"post-designation-head\">Devemos usar nossa intelig\u00eancia e criatividade em prol de um mundo melhor.<\/div><\/div><!-- .testimonial-designation --><\/li><\/ul><\/div><\/div><!-- .testimonial-inner --><\/div><!-- .col \/ .owl-carousel-item \/ .isotope --><\/div><!-- .row -->\t\t\t\n\t\t<\/div>\n\t\t\t\t<\/div>\n\t\t\t\t\t<\/div>\n\t\t\t\t<\/div>\n\t\t\t\t<\/div>\n\t\t","protected":false},"excerpt":{"rendered":"","protected":false},"author":1,"featured_media":0,"parent":0,"menu_order":0,"comment_status":"closed","ping_status":"closed","template":"","meta":{"footnotes":""},"class_list":["post-121","page","type-page","status-publish","hentry"],"_links":{"self":[{"href":"https:\/\/restart.app.br\/index.php?rest_route=\/wp\/v2\/pages\/121","targetHints":{"allow":["GET"]}}],"collection":[{"href":"https:\/\/restart.app.br\/index.php?rest_route=\/wp\/v2\/pages"}],"about":[{"href":"https:\/\/restart.app.br\/index.php?rest_route=\/wp\/v2\/types\/page"}],"author":[{"embeddable":true,"href":"https:\/\/restart.app.br\/index.php?rest_route=\/wp\/v2\/users\/1"}],"replies":[{"embeddable":true,"href":"https:\/\/restart.app.br\/index.php?rest_route=%2Fwp%2Fv2%2Fcomments&post=121"}],"version-history":[{"count":0,"href":"https:\/\/restart.app.br\/index.php?rest_route=\/wp\/v2\/pages\/121\/revisions"}],"wp:attachment":[{"href":"https:\/\/restart.app.br\/index.php?rest_route=%2Fwp%2Fv2%2Fmedia&parent=121"}],"curies":[{"name":"wp","href":"https:\/\/api.w.org\/{rel}","templated":true}]}}